{"id":802,"date":"2025-11-20T16:32:35","date_gmt":"2025-11-20T15:32:35","guid":{"rendered":"https:\/\/connect.ecilp.eu\/?page_id=802"},"modified":"2025-11-21T10:10:19","modified_gmt":"2025-11-21T09:10:19","slug":"downloads","status":"publish","type":"page","link":"https:\/\/connect.ecilp.eu\/pl\/downloads\/","title":{"rendered":"Pobieranie"},"content":{"rendered":"<div style=\"margin: 64px 0px;\">\n<h2 id=\"standards\" style=\"text-align: center;\">Standards<\/h2>\n<p style=\"text-align: center;\"><a href=\"https:\/\/connect.ecilp.eu\/wp-content\/ECILP_Set%20of%20Standards_PL.pdf\">System kwalifikacji ECILP i jego standardy<\/a><\/p>\n<h2 id=\"grr\" style=\"text-align: center;\">GRR<\/h2>\n<p style=\"text-align: center;\"><a href=\"https:\/\/connect.ecilp.eu\/wp-content\/GRR_PL.pdf\">Zarz\u0105dzanie, regulacje i inne wymagania dotycz\u0105ce procesu certyfikacji ECILP<br \/>\n<\/a><\/p>\n<hr class=\"centered-divider\" \/>\n<h2>Newslettery<\/h2>\n<div class=\"row\">\n<div class=\"col-sm-3\" style=\"text-align: center;\"><a href=\"https:\/\/connect.ecilp.eu\/wp-content\/uploads\/2021\/12\/ECILP_Newsletter-1_PL.pdf\" target=\"_blank\" rel=\"noopener noreferrer\"><br \/>\n<img loading=\"lazy\" decoding=\"async\" class=\"size-medium wp-image-117 aligncenter\" src=\"https:\/\/connect.ecilp.eu\/wp-content\/uploads\/2021\/12\/ECILP_Newsletter-1_EN-page-001.jpg\" alt=\"\" width=\"212\" height=\"300\" \/><br \/>\nNewsletter #1<\/a><\/div>\n<div class=\"col-sm-3\" style=\"text-align: center;\"><a href=\"https:\/\/connect.ecilp.eu\/wp-content\/uploads\/2023\/05\/ECILP_Newsletter-2_PL.pdf\" target=\"_blank\" rel=\"noopener noreferrer\"><br \/>\n<img loading=\"lazy\" decoding=\"async\" class=\"size-medium wp-image-117 aligncenter\" src=\"https:\/\/connect.ecilp.eu\/wp-content\/uploads\/2023\/05\/ECILP_Newsletter-2_EN.jpg\" alt=\"\" width=\"212\" height=\"300\" \/><br \/>\nNewsletter #2<\/a><\/div>\n<\/div>\n<hr class=\"centered-divider\" \/>\n<h2>Ulotki<\/h2>\n<div class=\"row\">\n<div class=\"col-sm-3\" style=\"text-align: center;\"><a href=\"https:\/\/connect.ecilp.eu\/wp-content\/uploads\/2021\/09\/Ecilp_Leaflet_final_PL.pdf\" target=\"_blank\" rel=\"noopener noreferrer\"><br \/>\n<img loading=\"lazy\" decoding=\"async\" class=\"size-medium wp-image-117 aligncenter\" src=\"https:\/\/connect.ecilp.eu\/wp-content\/uploads\/2021\/09\/Ecilp_Leaflet_final_EN-page-001-e1632854383888.jpg\" alt=\"\" width=\"300\" height=\"212\" \/><br \/>\nUlotka 1<\/a><\/div>\n<div class=\"col-sm-3\" style=\"text-align: center;\"><a href=\"https:\/\/connect.ecilp.eu\/wp-content\/uploads\/2023\/05\/Ecilp_Leaflet2_PL.pdf\" target=\"_blank\" rel=\"noopener noreferrer\"><br \/>\n<img loading=\"lazy\" decoding=\"async\" class=\"size-medium wp-image-117 aligncenter\" src=\"https:\/\/connect.ecilp.eu\/wp-content\/uploads\/2023\/05\/Ecilp_Leaflet2_EN.jpg\" alt=\"\" width=\"300\" height=\"212\" \/><br \/>\nUlotka 2<\/a><\/div>\n<\/div>\n<\/div>\n","protected":false},"excerpt":{"rendered":"<p>Standards System kwalifikacji ECILP i jego standardy GRR Zarz\u0105dzanie, regulacje i inne wymagania dotycz\u0105ce procesu certyfikacji ECILP Newslettery Newsletter #1&hellip;&nbsp;<a href=\"https:\/\/connect.ecilp.eu\/pl\/downloads\/\" rel=\"bookmark\">Dowiedz si\u0119 wi\u0119cej &raquo;<span class=\"screen-reader-text\">Pobieranie<\/span><\/a><\/p>\n","protected":false},"author":23,"featured_media":0,"parent":0,"menu_order":0,"comment_status":"closed","ping_status":"closed","template":"","meta":{"_et_pb_use_builder":"","_et_pb_old_content":"","_et_gb_content_width":"","neve_meta_sidebar":"full-width","neve_meta_container":"","neve_meta_enable_content_width":"on","neve_meta_content_width":100,"neve_meta_title_alignment":"","neve_meta_author_avatar":"","neve_post_elements_order":"","neve_meta_disable_header":"","neve_meta_disable_footer":"","neve_meta_disable_title":"","footnotes":""},"class_list":["post-802","page","type-page","status-publish","hentry"],"yoast_head":"<!-- This site is optimized with the Yoast SEO plugin v27.3 - https:\/\/yoast.com\/product\/yoast-seo-wordpress\/ -->\n<title>Pobieranie - ECILP Connect Demo<\/title>\n<meta name=\"robots\" content=\"index, follow, max-snippet:-1, max-image-preview:large, max-video-preview:-1\" \/>\n<link rel=\"canonical\" href=\"https:\/\/connect.ecilp.eu\/pl\/downloads\/\" \/>\n<meta property=\"og:locale\" content=\"pl_PL\" \/>\n<meta property=\"og:type\" content=\"article\" \/>\n<meta property=\"og:title\" content=\"Pobieranie - ECILP Connect Demo\" \/>\n<meta property=\"og:description\" content=\"Standards System kwalifikacji ECILP i jego standardy GRR Zarz\u0105dzanie, regulacje i inne wymagania dotycz\u0105ce procesu certyfikacji ECILP Newslettery Newsletter #1&hellip;&nbsp;Dowiedz si\u0119 wi\u0119cej &raquo;Pobieranie\" \/>\n<meta property=\"og:url\" content=\"https:\/\/connect.ecilp.eu\/pl\/downloads\/\" \/>\n<meta property=\"og:site_name\" content=\"ECILP Connect Demo\" \/>\n<meta property=\"article:modified_time\" content=\"2025-11-21T09:10:19+00:00\" \/>\n<meta property=\"og:image\" content=\"https:\/\/connect.ecilp.eu\/wp-content\/uploads\/2021\/12\/ECILP_Newsletter-1_EN-page-001.jpg\" \/>\n<meta name=\"twitter:card\" content=\"summary_large_image\" \/>\n<meta name=\"twitter:label1\" content=\"Szacowany czas czytania\" \/>\n\t<meta name=\"twitter:data1\" content=\"2 minuty\" \/>\n<script type=\"application\/ld+json\" class=\"yoast-schema-graph\">{\"@context\":\"https:\\\/\\\/schema.org\",\"@graph\":[{\"@type\":\"WebPage\",\"@id\":\"https:\\\/\\\/connect.ecilp.eu\\\/pl\\\/downloads\\\/\",\"url\":\"https:\\\/\\\/connect.ecilp.eu\\\/pl\\\/downloads\\\/\",\"name\":\"Pobieranie - ECILP Connect Demo\",\"isPartOf\":{\"@id\":\"https:\\\/\\\/connect.ecilp.eu\\\/pl\\\/#website\"},\"primaryImageOfPage\":{\"@id\":\"https:\\\/\\\/connect.ecilp.eu\\\/pl\\\/downloads\\\/#primaryimage\"},\"image\":{\"@id\":\"https:\\\/\\\/connect.ecilp.eu\\\/pl\\\/downloads\\\/#primaryimage\"},\"thumbnailUrl\":\"https:\\\/\\\/connect.ecilp.eu\\\/wp-content\\\/uploads\\\/2021\\\/12\\\/ECILP_Newsletter-1_EN-page-001.jpg\",\"datePublished\":\"2025-11-20T15:32:35+00:00\",\"dateModified\":\"2025-11-21T09:10:19+00:00\",\"breadcrumb\":{\"@id\":\"https:\\\/\\\/connect.ecilp.eu\\\/pl\\\/downloads\\\/#breadcrumb\"},\"inLanguage\":\"pl-PL\",\"potentialAction\":[{\"@type\":\"ReadAction\",\"target\":[[\"https:\\\/\\\/connect.ecilp.eu\\\/pl\\\/downloads\\\/\"]]}]},{\"@type\":\"ImageObject\",\"inLanguage\":\"pl-PL\",\"@id\":\"https:\\\/\\\/connect.ecilp.eu\\\/pl\\\/downloads\\\/#primaryimage\",\"url\":\"https:\\\/\\\/connect.ecilp.eu\\\/wp-content\\\/uploads\\\/2021\\\/12\\\/ECILP_Newsletter-1_EN-page-001.jpg\",\"contentUrl\":\"https:\\\/\\\/connect.ecilp.eu\\\/wp-content\\\/uploads\\\/2021\\\/12\\\/ECILP_Newsletter-1_EN-page-001.jpg\"},{\"@type\":\"BreadcrumbList\",\"@id\":\"https:\\\/\\\/connect.ecilp.eu\\\/pl\\\/downloads\\\/#breadcrumb\",\"itemListElement\":[{\"@type\":\"ListItem\",\"position\":1,\"name\":\"Home\",\"item\":\"https:\\\/\\\/connect.ecilp.eu\\\/pl\\\/\"},{\"@type\":\"ListItem\",\"position\":2,\"name\":\"Pobieranie\"}]},{\"@type\":\"WebSite\",\"@id\":\"https:\\\/\\\/connect.ecilp.eu\\\/pl\\\/#website\",\"url\":\"https:\\\/\\\/connect.ecilp.eu\\\/pl\\\/\",\"name\":\"ECILP\",\"description\":\"European Certificate for Intercultural Learning Professionals\",\"publisher\":{\"@id\":\"https:\\\/\\\/connect.ecilp.eu\\\/pl\\\/#organization\"},\"potentialAction\":[{\"@type\":\"SearchAction\",\"target\":{\"@type\":\"EntryPoint\",\"urlTemplate\":\"https:\\\/\\\/connect.ecilp.eu\\\/pl\\\/?s={search_term_string}\"},\"query-input\":{\"@type\":\"PropertyValueSpecification\",\"valueRequired\":true,\"valueName\":\"search_term_string\"}}],\"inLanguage\":\"pl-PL\"},{\"@type\":\"Organization\",\"@id\":\"https:\\\/\\\/connect.ecilp.eu\\\/pl\\\/#organization\",\"name\":\"ECILP Project\",\"url\":\"https:\\\/\\\/connect.ecilp.eu\\\/pl\\\/\",\"logo\":{\"@type\":\"ImageObject\",\"inLanguage\":\"pl-PL\",\"@id\":\"https:\\\/\\\/connect.ecilp.eu\\\/pl\\\/#\\\/schema\\\/logo\\\/image\\\/\",\"url\":\"https:\\\/\\\/connect.ecilp.eu\\\/wp-content\\\/uploads\\\/2021\\\/01\\\/logo-erasmus-e1580739907735.jpg\",\"contentUrl\":\"https:\\\/\\\/connect.ecilp.eu\\\/wp-content\\\/uploads\\\/2021\\\/01\\\/logo-erasmus-e1580739907735.jpg\",\"width\":300,\"height\":86,\"caption\":\"ECILP Project\"},\"image\":{\"@id\":\"https:\\\/\\\/connect.ecilp.eu\\\/pl\\\/#\\\/schema\\\/logo\\\/image\\\/\"}}]}<\/script>\n<!-- \/ Yoast SEO plugin. -->","yoast_head_json":{"title":"Pobieranie - ECILP Connect Demo","robots":{"index":"index","follow":"follow","max-snippet":"max-snippet:-1","max-image-preview":"max-image-preview:large","max-video-preview":"max-video-preview:-1"},"canonical":"https:\/\/connect.ecilp.eu\/pl\/downloads\/","og_locale":"pl_PL","og_type":"article","og_title":"Pobieranie - ECILP Connect Demo","og_description":"Standards System kwalifikacji ECILP i jego standardy GRR Zarz\u0105dzanie, regulacje i inne wymagania dotycz\u0105ce procesu certyfikacji ECILP Newslettery Newsletter #1&hellip;&nbsp;Dowiedz si\u0119 wi\u0119cej &raquo;Pobieranie","og_url":"https:\/\/connect.ecilp.eu\/pl\/downloads\/","og_site_name":"ECILP Connect Demo","article_modified_time":"2025-11-21T09:10:19+00:00","og_image":[{"url":"https:\/\/connect.ecilp.eu\/wp-content\/uploads\/2021\/12\/ECILP_Newsletter-1_EN-page-001.jpg","type":"","width":"","height":""}],"twitter_card":"summary_large_image","twitter_misc":{"Szacowany czas czytania":"2 minuty"},"schema":{"@context":"https:\/\/schema.org","@graph":[{"@type":"WebPage","@id":"https:\/\/connect.ecilp.eu\/pl\/downloads\/","url":"https:\/\/connect.ecilp.eu\/pl\/downloads\/","name":"Pobieranie - ECILP Connect Demo","isPartOf":{"@id":"https:\/\/connect.ecilp.eu\/pl\/#website"},"primaryImageOfPage":{"@id":"https:\/\/connect.ecilp.eu\/pl\/downloads\/#primaryimage"},"image":{"@id":"https:\/\/connect.ecilp.eu\/pl\/downloads\/#primaryimage"},"thumbnailUrl":"https:\/\/connect.ecilp.eu\/wp-content\/uploads\/2021\/12\/ECILP_Newsletter-1_EN-page-001.jpg","datePublished":"2025-11-20T15:32:35+00:00","dateModified":"2025-11-21T09:10:19+00:00","breadcrumb":{"@id":"https:\/\/connect.ecilp.eu\/pl\/downloads\/#breadcrumb"},"inLanguage":"pl-PL","potentialAction":[{"@type":"ReadAction","target":[["https:\/\/connect.ecilp.eu\/pl\/downloads\/"]]}]},{"@type":"ImageObject","inLanguage":"pl-PL","@id":"https:\/\/connect.ecilp.eu\/pl\/downloads\/#primaryimage","url":"https:\/\/connect.ecilp.eu\/wp-content\/uploads\/2021\/12\/ECILP_Newsletter-1_EN-page-001.jpg","contentUrl":"https:\/\/connect.ecilp.eu\/wp-content\/uploads\/2021\/12\/ECILP_Newsletter-1_EN-page-001.jpg"},{"@type":"BreadcrumbList","@id":"https:\/\/connect.ecilp.eu\/pl\/downloads\/#breadcrumb","itemListElement":[{"@type":"ListItem","position":1,"name":"Home","item":"https:\/\/connect.ecilp.eu\/pl\/"},{"@type":"ListItem","position":2,"name":"Pobieranie"}]},{"@type":"WebSite","@id":"https:\/\/connect.ecilp.eu\/pl\/#website","url":"https:\/\/connect.ecilp.eu\/pl\/","name":"ECILP","description":"European Certificate for Intercultural Learning Professionals","publisher":{"@id":"https:\/\/connect.ecilp.eu\/pl\/#organization"},"potentialAction":[{"@type":"SearchAction","target":{"@type":"EntryPoint","urlTemplate":"https:\/\/connect.ecilp.eu\/pl\/?s={search_term_string}"},"query-input":{"@type":"PropertyValueSpecification","valueRequired":true,"valueName":"search_term_string"}}],"inLanguage":"pl-PL"},{"@type":"Organization","@id":"https:\/\/connect.ecilp.eu\/pl\/#organization","name":"ECILP Project","url":"https:\/\/connect.ecilp.eu\/pl\/","logo":{"@type":"ImageObject","inLanguage":"pl-PL","@id":"https:\/\/connect.ecilp.eu\/pl\/#\/schema\/logo\/image\/","url":"https:\/\/connect.ecilp.eu\/wp-content\/uploads\/2021\/01\/logo-erasmus-e1580739907735.jpg","contentUrl":"https:\/\/connect.ecilp.eu\/wp-content\/uploads\/2021\/01\/logo-erasmus-e1580739907735.jpg","width":300,"height":86,"caption":"ECILP Project"},"image":{"@id":"https:\/\/connect.ecilp.eu\/pl\/#\/schema\/logo\/image\/"}}]}},"_links":{"self":[{"href":"https:\/\/connect.ecilp.eu\/pl\/wp-json\/wp\/v2\/pages\/802","targetHints":{"allow":["GET"]}}],"collection":[{"href":"https:\/\/connect.ecilp.eu\/pl\/wp-json\/wp\/v2\/pages"}],"about":[{"href":"https:\/\/connect.ecilp.eu\/pl\/wp-json\/wp\/v2\/types\/page"}],"author":[{"embeddable":true,"href":"https:\/\/connect.ecilp.eu\/pl\/wp-json\/wp\/v2\/users\/23"}],"replies":[{"embeddable":true,"href":"https:\/\/connect.ecilp.eu\/pl\/wp-json\/wp\/v2\/comments?post=802"}],"version-history":[{"count":53,"href":"https:\/\/connect.ecilp.eu\/pl\/wp-json\/wp\/v2\/pages\/802\/revisions"}],"predecessor-version":[{"id":1134,"href":"https:\/\/connect.ecilp.eu\/pl\/wp-json\/wp\/v2\/pages\/802\/revisions\/1134"}],"wp:attachment":[{"href":"https:\/\/connect.ecilp.eu\/pl\/wp-json\/wp\/v2\/media?parent=802"}],"curies":[{"name":"wp","href":"https:\/\/api.w.org\/{rel}","templated":true}]}}