{"id":794,"date":"2025-11-20T16:32:35","date_gmt":"2025-11-20T15:32:35","guid":{"rendered":"https:\/\/connect.ecilp.eu\/?page_id=794"},"modified":"2025-11-22T11:07:42","modified_gmt":"2025-11-22T10:07:42","slug":"organisations","status":"publish","type":"page","link":"https:\/\/connect.ecilp.eu\/pl\/organisations\/","title":{"rendered":"Organizacje"},"content":{"rendered":"<p><img loading=\"lazy\" decoding=\"async\" src=\"https:\/\/connect.ecilp.eu\/wp-content\/uploads\/2021\/01\/sietar.png\" sizes=\"(max-width: 300px) 100vw, 300px\" srcset=\"https:\/\/connect.ecilp.eu\/wp-content\/uploads\/2021\/01\/sietar.png 300w, https:\/\/connect.ecilp.eu\/wp-content\/uploads\/2021\/01\/sietar-150x150.png 150w\" alt=\"\" width=\"300\" height=\"300\" \/><\/p>\n<h2>Koordynator: SIETAR Deutschland \u2013 Niemcy<\/h2>\n<p>Jako cz\u0119\u015b\u0107 \u015bwiatowego stowarzyszenia i sieci SIETAR &#8211; Society for Intercultural Education, Training and Research &#8211; SIETAR Deutschland e.V. jest dumny z bycia najwi\u0119ksz\u0105 krajow\u0105 organizacj\u0105 zrzeszaj\u0105c\u0105 osoby pracuj\u0105ce w obszarze mi\u0119dzykulturowej i mi\u0119dzynarodowej komunikacji i zarz\u0105dzania.<\/p>\n<p>SIETAR Niemcy s\u0142u\u017cy jako platforma dla profesjonalnego i interdyscyplinarnego dialogu dotycz\u0105cego zagadnie\u0144 mi\u0119dzykulturowych w nauce, ekonomii i szeroko poj\u0119tym spo\u0142ecze\u0144stwie. Skupiamy si\u0119 na ludziach zainteresowanych kwestiami i wyzwaniami mi\u0119dzykulturowymi, kt\u00f3rzy \u017cyj\u0105 lub pracuj\u0105 w kontek\u015bcie mi\u0119dzykulturowym, czy to w \u017cyciu codziennym, czy w badaniach, szkoleniach, doradztwie, edukacji i mediach.<\/p>\n<p>SIETAR Deutschland pozostaje \u017cywy i dynamiczny dzi\u0119ki zaanga\u017cowaniu i r\u00f3\u017cnorodno\u015bci jego cz\u0142onk\u00f3w. Nasz\u0105 g\u0142\u00f3wn\u0105 trosk\u0105 jest poprawa wsp\u00f3\u0142pracy i wsp\u00f3\u0142istnienia ludzi z r\u00f3\u017cnych \u015brodowisk i kultur. Poprzez r\u00f3\u017cne publikacje i dzia\u0142ania chcemy dawa\u0107 impulsy, przekazywa\u0107 wiedz\u0119 i oferowa\u0107 mo\u017cliwo\u015b\u0107 wymiany, aby zwi\u0119kszy\u0107 \u015bwiadomo\u015b\u0107 wsp\u00f3\u0142pracy i wsp\u00f3\u0142dzia\u0142ania w heterogenicznym kulturowo spo\u0142ecze\u0144stwie. SIETAR Deutschland wydaje obecnie trzy r\u00f3\u017cne publikacje, organizuje spotkania, konferencje, seminaria i warsztaty na tematy mi\u0119dzykulturowe w regularnych odst\u0119pach czasu.<\/p>\n<p>Strona internetowa: <a href=\"http:\/\/www.sietar-deutschland.de\" target=\"_blank\" rel=\"noopener\">www.sietar-deutschland.de<\/a><\/p>\n<hr class=\"centered-divider\" \/>\n<p><img loading=\"lazy\" decoding=\"async\" src=\"https:\/\/connect.ecilp.eu\/wp-content\/uploads\/2021\/01\/assist.png\" sizes=\"(max-width: 300px) 100vw, 300px\" srcset=\"https:\/\/connect.ecilp.eu\/wp-content\/uploads\/2021\/01\/assist.png 300w, https:\/\/connect.ecilp.eu\/wp-content\/uploads\/2021\/01\/assist-150x150.png 150w\" alt=\"\" width=\"300\" height=\"300\" \/><\/p>\n<h2>Assist Gesellschaft f\u00fcr Unternehmensberatung und Personalentwicklung mbH \u2013 Niemcy<\/h2>\n<p>assist international Human Resources GmbH oferuje szkolenia mi\u0119dzykulturowe, szkolenia z zakresu przyw\u00f3dztwa, szkolenia z zakresu komunikacji, jak r\u00f3wnie\u017c coaching, doradztwo i mi\u0119dzynarodowe warsztaty z innowacyjnymi instrumentami mieszanej nauki, aby wspiera\u0107 zr\u00f3wnowa\u017cony rozw\u00f3j mi\u0119dzynarodowych zespo\u0142\u00f3w, lider\u00f3w i globalnych organizacji.<\/p>\n<p>Dzi\u0119ki naszemu do\u015bwiadczeniu w opracowywaniu materia\u0142\u00f3w szkoleniowych w po\u0142\u0105czeniu z nasz\u0105 unikaln\u0105 koncepcj\u0105 mieszanej nauki, Smart international Learning, uzupe\u0142niamy nasze szkolenia bezpo\u015brednie o innowacyjne formaty nauczania, aby zoptymalizowa\u0107 efektywno\u015b\u0107 i trwa\u0142o\u015b\u0107 tre\u015bci i kompetencji szkoleniowych.<\/p>\n<p>Nasi klienci to zar\u00f3wno sektor publiczny, jak i prywatny, mi\u0119dzynarodowe korporacje, wi\u0119ksze i \u015brednie organizacje. Od 2014 roku Assist jest r\u00f3wnie\u017c zaanga\u017cowany w partnerstwa w ramach projekt\u00f3w UE, zapewniaj\u0105c mi\u0119dzykulturowe know -how dla nauczania online.<\/p>\n<p>Strona internetowa: <a href=\"http:\/\/www.international-hr.de\" target=\"_blank\" rel=\"noopener\">www.international-hr.de<\/a><\/p>\n<hr class=\"centered-divider\" \/>\n<p><img loading=\"lazy\" decoding=\"async\" src=\"https:\/\/connect.ecilp.eu\/wp-content\/uploads\/2021\/01\/ibi.png\" sizes=\"(max-width: 300px) 100vw, 300px\" srcset=\"https:\/\/connect.ecilp.eu\/wp-content\/uploads\/2021\/01\/ibi.png 300w, https:\/\/connect.ecilp.eu\/wp-content\/uploads\/2021\/01\/ibi-150x150.png 150w\" alt=\"\" width=\"300\" height=\"300\" \/><\/p>\n<h2>I.B.I. Intercultural Business Improvement b.v. \u2013 Holandia<\/h2>\n<p>Intercultural Business Improvement Ltd. (IBI) jest firm\u0105 szkoleniow\u0105 i konsultingow\u0105 specjalizuj\u0105c\u0105 si\u0119 we wspieraniu klient\u00f3w w czerpaniu korzy\u015bci z ich r\u00f3\u017cnorodno\u015bci kulturowej i zwi\u0119kszaniu mi\u0119dzykulturowej efektywno\u015bci pracownik\u00f3w. Zesp\u00f3\u0142 IBI, za\u0142o\u017cony przez Oscara van Weerdenburga i dr Ursul\u0119 Brinkmann, posiada bogate do\u015bwiadczenie w projektowaniu i prowadzeniu szkole\u0144 mi\u0119dzykulturowych, zar\u00f3wno bezpo\u015brednich (twarz\u0105 w twarz), jak i online. W IBI \u0142\u0105czymy spostrze\u017cenia z bada\u0144 nad r\u00f3\u017cnicami kulturowymi i rozwojem kompetencji mi\u0119dzykulturowych z pasj\u0105 do opracowywania interaktywnych i praktycznych interwencji edukacyjnych. Projektuj\u0105c interwencje dla naszych klient\u00f3w, korzystamy z og\u00f3lno\u015bwiatowej sieci profesjonalist\u00f3w z bran\u017cy mi\u0119dzykulturowej. Projektuj\u0105c interwencje dla naszych klient\u00f3w, korzystamy z og\u00f3lno\u015bwiatowej sieci profesjonalist\u00f3w z bran\u017cy mi\u0119dzykulturowej.<\/p>\n<p>Stworzyli\u015bmy Intercultural Readiness Check (IRC), wiod\u0105ce narz\u0119dzie do oceny mi\u0119dzykulturowej, kt\u00f3re ocenia zestaw istotnych kompetencji mi\u0119dzykulturowych. Liczne organizacje wykorzystuj\u0105 IRC do rozwoju swoich kompetencji mi\u0119dzykulturowych, a ponad 600 os\u00f3b i organizacji posiada certyfikat uprawniaj\u0105cy do pracy z IRC. W Intercultural Readiness: Four competences for working across cultures (Palgrave), przedstawiamy nasze podej\u015bcie do rozwoju kompetencji mi\u0119dzykulturowych i umieszczamy kompetencje IRC w szerszym kontek\u015bcie r\u00f3\u017cnorodno\u015bci w zespo\u0142ach i organizacjach.<\/p>\n<p>Strona internetowa: <a href=\"http:\/\/www.ibinet.nl\" target=\"_blank\" rel=\"noopener\">www.ibinet.nl<\/a><\/p>\n<hr class=\"centered-divider\" \/>\n<p><img loading=\"lazy\" decoding=\"async\" src=\"https:\/\/connect.ecilp.eu\/wp-content\/uploads\/2021\/01\/cwep.png\" sizes=\"(max-width: 300px) 100vw, 300px\" srcset=\"https:\/\/connect.ecilp.eu\/wp-content\/uploads\/2021\/01\/cwep.png 300w, https:\/\/connect.ecilp.eu\/wp-content\/uploads\/2021\/01\/cwep-150x150.png 150w\" alt=\"\" width=\"300\" height=\"300\" \/><\/p>\n<h2>\nCentrum Wspierania Edukacji i Przedsi\u0119biorczo\u015bci (CWEP) \u2013 Poland<\/h2>\n<p>Centrum Wspierania Edukacji i Przedsi\u0119biorczo\u015bci dzia\u0142a od 2004 roku prowadz\u0105c dzia\u0142alno\u015b\u0107 zwi\u0105zan\u0105 ze wspieraniem i promocj\u0105 nowoczesnej edukacji i przedsi\u0119biorczo\u015bci, badaniami naukowymi i doradztwem, prowadzeniem szkole\u0144, dzia\u0142alno\u015bci\u0105 wydawnicz\u0105, marketingow\u0105, doradcz\u0105 i reklamow\u0105. Stowarzyszenie \u015bwiadczy us\u0142ugi w zakresie wspierania edukacji poprzez realizacj\u0119 ponadnarodowych projekt\u00f3w edukacyjnych skierowanych do m\u0142odzie\u017cy oraz organizacj\u0119 szkole\u0144. Prowadzi r\u00f3wnie\u017c wsparcie doradcze dla firm dzia\u0142aj\u0105cych na terenie Podkarpacia i Ma\u0142opolski oraz realizuje projekty inwestycyjne maj\u0105ce na celu podniesienie jako\u015bci us\u0142ug otoczenia biznesu. Stowarzyszenie jest aktywne na polu naukowym, wyra\u017caj\u0105cym si\u0119 w zaanga\u017cowaniu w projekty badawcze oraz prowadzeniu w\u0142asnych analiz spo\u0142ecznych.<\/p>\n<p>Strona internetowa<strong>: <\/strong><a href=\"https:\/\/www.cwep.eu\" target=\"_blank\" rel=\"noopener\">www.cwep.eu<\/a><\/p>\n<hr class=\"centered-divider\" \/>\n<p><img loading=\"lazy\" decoding=\"async\" src=\"https:\/\/connect.ecilp.eu\/wp-content\/uploads\/2021\/01\/labc.png\" sizes=\"(max-width: 300px) 100vw, 300px\" srcset=\"https:\/\/connect.ecilp.eu\/wp-content\/uploads\/2021\/01\/labc.png 300w, https:\/\/connect.ecilp.eu\/wp-content\/uploads\/2021\/01\/labc-150x150.png 150w\" alt=\"\" width=\"300\" height=\"300\" \/><\/p>\n<h2>LABC \u2013 W\u0142ochy<\/h2>\n<p>LABC jest firm\u0105 z siedzib\u0105 w Turynie (IT). LABC jest wsp\u00f3lnot\u0105 edukacyjn\u0105, kt\u00f3rej celem jest wymiana i wykorzystanie do\u015bwiadcze\u0144 profesjonalist\u00f3w w dziedzinie indywidualnego i wsp\u00f3lnotowego dobrobytu, pracy grupowej, edukacji i szkole\u0144, reintegracji na rynku pracy, zarz\u0105dzanie projektami. LABC wzbogaca si\u0119 dzi\u0119ki og\u00f3lnoeuropejskiej wsp\u00f3\u0142pracy, zawsze przyjmuj\u0105c i promuj\u0105c zasady:<\/p>\n<ul>\n<li>wsp\u00f3lnego uczenia si\u0119: wymieniamy, ulepszamy i dzielimy si\u0119 do\u015bwiadczeniami, zasobami i umiej\u0119tno\u015bciami, aby zoptymalizowa\u0107 wsp\u00f3\u0142prac\u0119 mi\u0119dzynarodow\u0105 i intermodaln\u0105, rozwija\u0107 i przekazywa\u0107 metodologi\u0119 i praktyk\u0119<\/li>\n<li>generatywno\u015bci: ustanawiamy, wspieramy i kierujemy zdolno\u015bci\u0105 do tworzenia, generowania i produkowania nowych narz\u0119dzi, modeli i praktyk psychologicznych, spo\u0142ecznych i edukacyjnych, w celu ich swobodnego rozpowszechniania w ca\u0142ej spo\u0142eczno\u015bci.<\/li>\n<\/ul>\n<p>LABC jest aktywne i do\u015bwiadczone w nast\u0119puj\u0105cych dziedzinach:<\/p>\n<p># pracy opieku\u0144czej, indywidualnego i wsp\u00f3lnotowego dobrobytu poprzez szeroki zakres dzia\u0142a\u0144, w tym sesje pracy grupowej, nadz\u00f3r, szkolenia, konsultacje w zakresie zarz\u0105dzania, organizacj\u0119 wydarze\u0144 publicznych, wyk\u0142ad\u00f3w i seminari\u00f3w<\/p>\n<p># edukacji i badaniach poprzez projektowanie metodologii nauczania i wdra\u017canie materia\u0142\u00f3w i narz\u0119dzi szkoleniowych dedykowanych poprawie \u015bwiadomo\u015bci uczestnik\u00f3w i odbiorc\u00f3w na tematy szczeg\u00f3lnie interesuj\u0105ce w dziedzinach psychologicznych, edukacyjnych, spo\u0142ecznych i \u015brodowiskowych.<\/p>\n<p>Strona internetowa: <a href=\"http:\/\/www.labcentro.it\" target=\"_blank\" rel=\"noopener\">www.labcentro.it\u00a0<\/a><\/p>\n<hr class=\"centered-divider\" \/>\n<p><img loading=\"lazy\" decoding=\"async\" src=\"https:\/\/connect.ecilp.eu\/wp-content\/uploads\/2021\/01\/tiu.png\" sizes=\"(max-width: 300px) 100vw, 300px\" srcset=\"https:\/\/connect.ecilp.eu\/wp-content\/uploads\/2021\/01\/tiu.png 300w, https:\/\/connect.ecilp.eu\/wp-content\/uploads\/2021\/01\/tiu-150x150.png 150w\" alt=\"\" width=\"300\" height=\"300\" \/><\/p>\n<h2>Stichting Katholieke Universiteit Brabant \u2013 Holandia<\/h2>\n<p>Tilburg University zosta\u0142 za\u0142o\u017cony w 1927 roku, ma ponad 17.000 student\u00f3w, z kt\u00f3rych 3.105 to studenci mi\u0119dzynarodowi ze 110 narodowo\u015bci, oraz ponad 1.100 pracownik\u00f3w akademickich. Tilburg University zaj\u0105\u0142 miejsce numer 18 w rankingu US News Best Global Universities Ranking w 2016 roku.<\/p>\n<p>Tilburg University ma kultur\u0119 wsp\u00f3\u0142pracy i wsp\u00f3\u0142tworzenia, na poziomie lokalnym, regionalnym, krajowym i mi\u0119dzynarodowym. \u0141\u0105czymy nasze w\u0142asne dzia\u0142ania z dzia\u0142aniami innych instytut\u00f3w edukacyjnych, spo\u0142eczno\u015bci biznesowej, rz\u0105d\u00f3w i organizacji spo\u0142ecze\u0144stwa obywatelskiego oraz z naszymi absolwentami w kraju i za granic\u0105. Szukamy po\u0142\u0105czenia mi\u0119dzy r\u00f3\u017cnymi dyscyplinami w celu znalezienia rozwi\u0105za\u0144 dla g\u0142\u00f3wnych problem\u00f3w, kt\u00f3re my, jako spo\u0142ecze\u0144stwo, do\u015bwiadczamy.<\/p>\n<p>Osi\u0105gamy to g\u0142\u00f3wnie poprzez rozwijanie i przekazywanie wiedzy oraz \u0142\u0105czenie ludzi z r\u00f3\u017cnych dziedzin i organizacji. Aby zmaksymalizowa\u0107 nasz wk\u0142ad w \u017cycie spo\u0142eczne, stworzyli\u015bmy program wp\u0142ywu, skupiaj\u0105cy si\u0119 na nast\u0119puj\u0105cych trzech tematach: Wzmacnianie odpornego spo\u0142ecze\u0144stwa, Poprawa zdrowia i dobrego samopoczucia oraz Tworzenie warto\u015bci z danych.\u00a0 Uniwersytet w Tilburgu jest gospodarzem ponad 120 projekt\u00f3w finansowanych przez UE.<\/p>\n<p>Wydzia\u0142 Psychologii Spo\u0142ecznej w Szkole Nauk Spo\u0142ecznych i Behawioralnych sk\u0142ada si\u0119 z \u017cywej mieszanki os\u00f3b zainteresowanych psychologi\u0105 spo\u0142eczn\u0105, ekonomiczn\u0105 oraz psychologi\u0105 pracy i organizacji. Cz\u0142onkowie wydzia\u0142u koncentruj\u0105 si\u0119 na relacjach mi\u0119dzygrupowych, wykluczeniu, r\u00f3\u017cnorodno\u015bci i tematach mi\u0119dzykulturowych, co przejawia si\u0119 aktywno\u015bci\u0105 cz\u0142onk\u00f3w wydzia\u0142u w IACCP (International Association for Cross-Cultural Psychology), NIP (Dutch Institute for Psychologists), wsp\u00f3\u0142prac\u0105 z Centrum Hofstede, szko\u0142ami letnimi, dzia\u0142alno\u015bci\u0105 grantow\u0105 (DAAD, NWO, itp.) oraz ich prac\u0105 jako redaktor\u00f3w i autor\u00f3w podr\u0119cznik\u00f3w.<\/p>\n<p>Strona internetowa: <a href=\"https:\/\/www.tilburguniversity.edu\/\" target=\"_blank\" rel=\"noopener\">www.tilburguniversity.edu<\/a><\/p>\n","protected":false},"excerpt":{"rendered":"<p>Koordynator: SIETAR Deutschland \u2013 Niemcy Jako cz\u0119\u015b\u0107 \u015bwiatowego stowarzyszenia i sieci SIETAR &#8211; Society for Intercultural Education, Training and Research&hellip;&nbsp;<a href=\"https:\/\/connect.ecilp.eu\/pl\/organisations\/\" rel=\"bookmark\">Dowiedz si\u0119 wi\u0119cej &raquo;<span class=\"screen-reader-text\">Organizacje<\/span><\/a><\/p>\n","protected":false},"author":23,"featured_media":0,"parent":0,"menu_order":0,"comment_status":"closed","ping_status":"closed","template":"","meta":{"_et_pb_use_builder":"","_et_pb_old_content":"","_et_gb_content_width":"","neve_meta_sidebar":"","neve_meta_container":"","neve_meta_enable_content_width":"off","neve_meta_content_width":100,"neve_meta_title_alignment":"","neve_meta_author_avatar":"","neve_post_elements_order":"","neve_meta_disable_header":"","neve_meta_disable_footer":"","neve_meta_disable_title":"","footnotes":""},"class_list":["post-794","page","type-page","status-publish","hentry"],"yoast_head":"<!-- This site is optimized with the Yoast SEO plugin v27.3 - https:\/\/yoast.com\/product\/yoast-seo-wordpress\/ -->\n<title>Organizacje - ECILP Connect Demo<\/title>\n<meta name=\"robots\" content=\"index, follow, max-snippet:-1, max-image-preview:large, max-video-preview:-1\" \/>\n<link rel=\"canonical\" href=\"https:\/\/connect.ecilp.eu\/pl\/organisations\/\" \/>\n<meta property=\"og:locale\" content=\"pl_PL\" \/>\n<meta property=\"og:type\" content=\"article\" \/>\n<meta property=\"og:title\" content=\"Organizacje - ECILP Connect Demo\" \/>\n<meta property=\"og:description\" content=\"Koordynator: SIETAR Deutschland \u2013 Niemcy Jako cz\u0119\u015b\u0107 \u015bwiatowego stowarzyszenia i sieci SIETAR &#8211; Society for Intercultural Education, Training and Research&hellip;&nbsp;Dowiedz si\u0119 wi\u0119cej &raquo;Organizacje\" \/>\n<meta property=\"og:url\" content=\"https:\/\/connect.ecilp.eu\/pl\/organisations\/\" \/>\n<meta property=\"og:site_name\" content=\"ECILP Connect Demo\" \/>\n<meta property=\"article:modified_time\" content=\"2025-11-22T10:07:42+00:00\" \/>\n<meta property=\"og:image\" content=\"https:\/\/connect.ecilp.eu\/wp-content\/uploads\/2021\/01\/sietar.png\" \/>\n<meta name=\"twitter:card\" content=\"summary_large_image\" \/>\n<meta name=\"twitter:label1\" content=\"Szacowany czas czytania\" \/>\n\t<meta name=\"twitter:data1\" content=\"6 minut\" \/>\n<script type=\"application\/ld+json\" class=\"yoast-schema-graph\">{\"@context\":\"https:\\\/\\\/schema.org\",\"@graph\":[{\"@type\":\"WebPage\",\"@id\":\"https:\\\/\\\/connect.ecilp.eu\\\/pl\\\/organisations\\\/\",\"url\":\"https:\\\/\\\/connect.ecilp.eu\\\/pl\\\/organisations\\\/\",\"name\":\"Organizacje - ECILP Connect Demo\",\"isPartOf\":{\"@id\":\"https:\\\/\\\/connect.ecilp.eu\\\/pl\\\/#website\"},\"primaryImageOfPage\":{\"@id\":\"https:\\\/\\\/connect.ecilp.eu\\\/pl\\\/organisations\\\/#primaryimage\"},\"image\":{\"@id\":\"https:\\\/\\\/connect.ecilp.eu\\\/pl\\\/organisations\\\/#primaryimage\"},\"thumbnailUrl\":\"https:\\\/\\\/connect.ecilp.eu\\\/wp-content\\\/uploads\\\/2021\\\/01\\\/sietar.png\",\"datePublished\":\"2025-11-20T15:32:35+00:00\",\"dateModified\":\"2025-11-22T10:07:42+00:00\",\"breadcrumb\":{\"@id\":\"https:\\\/\\\/connect.ecilp.eu\\\/pl\\\/organisations\\\/#breadcrumb\"},\"inLanguage\":\"pl-PL\",\"potentialAction\":[{\"@type\":\"ReadAction\",\"target\":[[\"https:\\\/\\\/connect.ecilp.eu\\\/pl\\\/organisations\\\/\"]]}]},{\"@type\":\"ImageObject\",\"inLanguage\":\"pl-PL\",\"@id\":\"https:\\\/\\\/connect.ecilp.eu\\\/pl\\\/organisations\\\/#primaryimage\",\"url\":\"https:\\\/\\\/connect.ecilp.eu\\\/wp-content\\\/uploads\\\/2021\\\/01\\\/sietar.png\",\"contentUrl\":\"https:\\\/\\\/connect.ecilp.eu\\\/wp-content\\\/uploads\\\/2021\\\/01\\\/sietar.png\"},{\"@type\":\"BreadcrumbList\",\"@id\":\"https:\\\/\\\/connect.ecilp.eu\\\/pl\\\/organisations\\\/#breadcrumb\",\"itemListElement\":[{\"@type\":\"ListItem\",\"position\":1,\"name\":\"Home\",\"item\":\"https:\\\/\\\/connect.ecilp.eu\\\/pl\\\/\"},{\"@type\":\"ListItem\",\"position\":2,\"name\":\"Organizacje\"}]},{\"@type\":\"WebSite\",\"@id\":\"https:\\\/\\\/connect.ecilp.eu\\\/pl\\\/#website\",\"url\":\"https:\\\/\\\/connect.ecilp.eu\\\/pl\\\/\",\"name\":\"ECILP\",\"description\":\"European Certificate for Intercultural Learning Professionals\",\"publisher\":{\"@id\":\"https:\\\/\\\/connect.ecilp.eu\\\/pl\\\/#organization\"},\"potentialAction\":[{\"@type\":\"SearchAction\",\"target\":{\"@type\":\"EntryPoint\",\"urlTemplate\":\"https:\\\/\\\/connect.ecilp.eu\\\/pl\\\/?s={search_term_string}\"},\"query-input\":{\"@type\":\"PropertyValueSpecification\",\"valueRequired\":true,\"valueName\":\"search_term_string\"}}],\"inLanguage\":\"pl-PL\"},{\"@type\":\"Organization\",\"@id\":\"https:\\\/\\\/connect.ecilp.eu\\\/pl\\\/#organization\",\"name\":\"ECILP Project\",\"url\":\"https:\\\/\\\/connect.ecilp.eu\\\/pl\\\/\",\"logo\":{\"@type\":\"ImageObject\",\"inLanguage\":\"pl-PL\",\"@id\":\"https:\\\/\\\/connect.ecilp.eu\\\/pl\\\/#\\\/schema\\\/logo\\\/image\\\/\",\"url\":\"https:\\\/\\\/connect.ecilp.eu\\\/wp-content\\\/uploads\\\/2021\\\/01\\\/logo-erasmus-e1580739907735.jpg\",\"contentUrl\":\"https:\\\/\\\/connect.ecilp.eu\\\/wp-content\\\/uploads\\\/2021\\\/01\\\/logo-erasmus-e1580739907735.jpg\",\"width\":300,\"height\":86,\"caption\":\"ECILP Project\"},\"image\":{\"@id\":\"https:\\\/\\\/connect.ecilp.eu\\\/pl\\\/#\\\/schema\\\/logo\\\/image\\\/\"}}]}<\/script>\n<!-- \/ Yoast SEO plugin. -->","yoast_head_json":{"title":"Organizacje - ECILP Connect Demo","robots":{"index":"index","follow":"follow","max-snippet":"max-snippet:-1","max-image-preview":"max-image-preview:large","max-video-preview":"max-video-preview:-1"},"canonical":"https:\/\/connect.ecilp.eu\/pl\/organisations\/","og_locale":"pl_PL","og_type":"article","og_title":"Organizacje - ECILP Connect Demo","og_description":"Koordynator: SIETAR Deutschland \u2013 Niemcy Jako cz\u0119\u015b\u0107 \u015bwiatowego stowarzyszenia i sieci SIETAR &#8211; Society for Intercultural Education, Training and Research&hellip;&nbsp;Dowiedz si\u0119 wi\u0119cej &raquo;Organizacje","og_url":"https:\/\/connect.ecilp.eu\/pl\/organisations\/","og_site_name":"ECILP Connect Demo","article_modified_time":"2025-11-22T10:07:42+00:00","og_image":[{"url":"https:\/\/connect.ecilp.eu\/wp-content\/uploads\/2021\/01\/sietar.png","type":"","width":"","height":""}],"twitter_card":"summary_large_image","twitter_misc":{"Szacowany czas czytania":"6 minut"},"schema":{"@context":"https:\/\/schema.org","@graph":[{"@type":"WebPage","@id":"https:\/\/connect.ecilp.eu\/pl\/organisations\/","url":"https:\/\/connect.ecilp.eu\/pl\/organisations\/","name":"Organizacje - ECILP Connect Demo","isPartOf":{"@id":"https:\/\/connect.ecilp.eu\/pl\/#website"},"primaryImageOfPage":{"@id":"https:\/\/connect.ecilp.eu\/pl\/organisations\/#primaryimage"},"image":{"@id":"https:\/\/connect.ecilp.eu\/pl\/organisations\/#primaryimage"},"thumbnailUrl":"https:\/\/connect.ecilp.eu\/wp-content\/uploads\/2021\/01\/sietar.png","datePublished":"2025-11-20T15:32:35+00:00","dateModified":"2025-11-22T10:07:42+00:00","breadcrumb":{"@id":"https:\/\/connect.ecilp.eu\/pl\/organisations\/#breadcrumb"},"inLanguage":"pl-PL","potentialAction":[{"@type":"ReadAction","target":[["https:\/\/connect.ecilp.eu\/pl\/organisations\/"]]}]},{"@type":"ImageObject","inLanguage":"pl-PL","@id":"https:\/\/connect.ecilp.eu\/pl\/organisations\/#primaryimage","url":"https:\/\/connect.ecilp.eu\/wp-content\/uploads\/2021\/01\/sietar.png","contentUrl":"https:\/\/connect.ecilp.eu\/wp-content\/uploads\/2021\/01\/sietar.png"},{"@type":"BreadcrumbList","@id":"https:\/\/connect.ecilp.eu\/pl\/organisations\/#breadcrumb","itemListElement":[{"@type":"ListItem","position":1,"name":"Home","item":"https:\/\/connect.ecilp.eu\/pl\/"},{"@type":"ListItem","position":2,"name":"Organizacje"}]},{"@type":"WebSite","@id":"https:\/\/connect.ecilp.eu\/pl\/#website","url":"https:\/\/connect.ecilp.eu\/pl\/","name":"ECILP","description":"European Certificate for Intercultural Learning Professionals","publisher":{"@id":"https:\/\/connect.ecilp.eu\/pl\/#organization"},"potentialAction":[{"@type":"SearchAction","target":{"@type":"EntryPoint","urlTemplate":"https:\/\/connect.ecilp.eu\/pl\/?s={search_term_string}"},"query-input":{"@type":"PropertyValueSpecification","valueRequired":true,"valueName":"search_term_string"}}],"inLanguage":"pl-PL"},{"@type":"Organization","@id":"https:\/\/connect.ecilp.eu\/pl\/#organization","name":"ECILP Project","url":"https:\/\/connect.ecilp.eu\/pl\/","logo":{"@type":"ImageObject","inLanguage":"pl-PL","@id":"https:\/\/connect.ecilp.eu\/pl\/#\/schema\/logo\/image\/","url":"https:\/\/connect.ecilp.eu\/wp-content\/uploads\/2021\/01\/logo-erasmus-e1580739907735.jpg","contentUrl":"https:\/\/connect.ecilp.eu\/wp-content\/uploads\/2021\/01\/logo-erasmus-e1580739907735.jpg","width":300,"height":86,"caption":"ECILP Project"},"image":{"@id":"https:\/\/connect.ecilp.eu\/pl\/#\/schema\/logo\/image\/"}}]}},"_links":{"self":[{"href":"https:\/\/connect.ecilp.eu\/pl\/wp-json\/wp\/v2\/pages\/794","targetHints":{"allow":["GET"]}}],"collection":[{"href":"https:\/\/connect.ecilp.eu\/pl\/wp-json\/wp\/v2\/pages"}],"about":[{"href":"https:\/\/connect.ecilp.eu\/pl\/wp-json\/wp\/v2\/types\/page"}],"author":[{"embeddable":true,"href":"https:\/\/connect.ecilp.eu\/pl\/wp-json\/wp\/v2\/users\/23"}],"replies":[{"embeddable":true,"href":"https:\/\/connect.ecilp.eu\/pl\/wp-json\/wp\/v2\/comments?post=794"}],"version-history":[{"count":3,"href":"https:\/\/connect.ecilp.eu\/pl\/wp-json\/wp\/v2\/pages\/794\/revisions"}],"predecessor-version":[{"id":1177,"href":"https:\/\/connect.ecilp.eu\/pl\/wp-json\/wp\/v2\/pages\/794\/revisions\/1177"}],"wp:attachment":[{"href":"https:\/\/connect.ecilp.eu\/pl\/wp-json\/wp\/v2\/media?parent=794"}],"curies":[{"name":"wp","href":"https:\/\/api.w.org\/{rel}","templated":true}]}}