{"id":794,"date":"2025-11-20T16:32:35","date_gmt":"2025-11-20T15:32:35","guid":{"rendered":"https:\/\/connect.ecilp.eu\/?page_id=794"},"modified":"2025-11-22T11:07:42","modified_gmt":"2025-11-22T10:07:42","slug":"organisations","status":"publish","type":"page","link":"https:\/\/connect.ecilp.eu\/de\/organisations\/","title":{"rendered":"Organisations"},"content":{"rendered":"<p><img loading=\"lazy\" decoding=\"async\" src=\"https:\/\/connect.ecilp.eu\/wp-content\/uploads\/2021\/01\/sietar.png\" sizes=\"(max-width: 300px) 100vw, 300px\" srcset=\"https:\/\/connect.ecilp.eu\/wp-content\/uploads\/2021\/01\/sietar.png 300w, https:\/\/connect.ecilp.eu\/wp-content\/uploads\/2021\/01\/sietar-150x150.png 150w\" alt=\"\" width=\"300\" height=\"300\" \/><\/p>\n<h2>Coordinator: SIETAR Deutschland \u2013 Deutschland<\/h2>\n<p>Als Teil des weltweiten Verbandes und Netzwerkes ist SIETAR Deutschland e.V. &#8211; Society for Intercultural Education, Training and Research &#8211; stolz darauf, die gr\u00f6\u00dfte nationale Organisation f\u00fcr Menschen zu sein, die im Bereich der interkulturellen und internationalen Kommunikation- und Management arbeiten.<\/p>\n<p>SIETAR Deutschland dient als Plattform f\u00fcr den professionellen und interdisziplin\u00e4ren Dialog zu interkulturellen Fragestellungen in Wissenschaft, Wirtschaft und Gesellschaft. Unser Fokus liegt auf Menschen, die sich f\u00fcr interkulturelle Fragen und Herausforderungen interessieren und in einem interkulturellen Kontext leben oder arbeiten, sei es im Alltag oder in der Forschung, im Training, in der Beratung und Bildung sowie den Medien.<\/p>\n<p>SIETAR Deutschland bleibt durch das Engagement und die Vielfalt seiner Mitglieder dynamisch und aktiv. Unser Grundanliegen ist es, die Zusammenarbeit und das Koexistieren von Menschen unterschiedlicher Herkunft und Kultur zu verbessern. Mit verschiedenen Publikationen und Aktivit\u00e4ten wollen wir Impulse setzen, Wissen verbreiten, und eine M\u00f6glichkeit zum Austausch bieten, um eine Verst\u00e4rkung f\u00fcr das Bewusstsein f\u00fcr das Zusammenarbeiten und die Hebelwirkung in einer kulturell heterogenen Gesellschaft zu erschaffen. SIETAR Deutschland gibt derzeit drei verschiedene Publikationen heraus und organisiert in regelm\u00e4\u00dfigen Abst\u00e4nden Tagungen, Konferenzen, Seminare und Workshops zu interkulturellen Themen.<\/p>\n<p>Website: <a href=\"http:\/\/www.sietar-deutschland.de\" target=\"_blank\" rel=\"noopener\">www.sietar-deutschland.de<\/a><\/p>\n<hr class=\"centered-divider\" \/>\n<p><img loading=\"lazy\" decoding=\"async\" src=\"https:\/\/connect.ecilp.eu\/wp-content\/uploads\/2021\/01\/assist.png\" sizes=\"(max-width: 300px) 100vw, 300px\" srcset=\"https:\/\/connect.ecilp.eu\/wp-content\/uploads\/2021\/01\/assist.png 300w, https:\/\/connect.ecilp.eu\/wp-content\/uploads\/2021\/01\/assist-150x150.png 150w\" alt=\"\" width=\"300\" height=\"300\" \/><\/p>\n<h2>Assist Gesellschaft f\u00fcr Unternehmensberatung und Personalentwicklung GmbH \u2013 Deutschland<\/h2>\n<p>assist international Human Resources GmbH bietet interkulturelle Trainings, Trainings zu F\u00fchrung, Kommunikationstrainings sowie Coaching, Beratung und internationale Workshops mit innovativen, vielf\u00e4ltigen Lerninstrumenten an, um die nachhaltige Entwicklung von internationalen Teams, F\u00fchrungskr\u00e4ften und globalen Organisationen zu unterst\u00fctzen.<\/p>\n<p>Mit unserer Erfahrung im Entwickeln von Trainingsmaterial kombiniert mit unserem einzigartigen Blended-Learning-Konzept, Smart international Learning, erg\u00e4nzen wir unsere Pr\u00e4senztrainings mit innovativen Lernformaten, um die Lerneffizienz und Nachhaltigkeit von Trainingsinhalten und Kompetenzen zu optimieren.<\/p>\n<p>Unsere Kunden sind sowohl der \u00f6ffentliche als auch der private Sektor, internationale Konzerne, gr\u00f6\u00dfere und mittelst\u00e4ndische Organisationen. Seit 2014 ist assist auch an EU-Projektpartnerschaften beteiligt und vermittelt interkulturelles Know -how f\u00fcr Online-Learning.<\/p>\n<p>Website: <a href=\"http:\/\/www.international-hr.de\" target=\"_blank\" rel=\"noopener\">www.international-hr.de<\/a><\/p>\n<hr class=\"centered-divider\" \/>\n<p><img loading=\"lazy\" decoding=\"async\" src=\"https:\/\/connect.ecilp.eu\/wp-content\/uploads\/2021\/01\/ibi.png\" sizes=\"(max-width: 300px) 100vw, 300px\" srcset=\"https:\/\/connect.ecilp.eu\/wp-content\/uploads\/2021\/01\/ibi.png 300w, https:\/\/connect.ecilp.eu\/wp-content\/uploads\/2021\/01\/ibi-150x150.png 150w\" alt=\"\" width=\"300\" height=\"300\" \/><\/p>\n<h2>I.B.I. Intercultural Business Improvement b.v. \u2013 Niederlande<\/h2>\n<p>Intercultural Business Improvement Ltd. (IBI) ist ein Trainings- und Beratungsunternehmen, das sich darauf spezialisiert hat, Kunden dabei zu unterst\u00fctzen, von ihrer kulturellen Vielfalt zu profitieren und die interkulturelle Effektivit\u00e4t ihrer Mitarbeiter zu verbessern. Das IBI-Team wurde von Oscar van Weerdenburg und Ursula Brinkmann, PhD, gegr\u00fcndet und verf\u00fcgt \u00fcber tiefgreifende Erfahrung in der Entwicklung und Durchf\u00fchrung von interkulturellen Lerninterventionen, Face-to-Face, Online und Blended. Bei IBI vereinen wir Erkenntnisse aus der Forschung \u00fcber kulturelle Unterschiede und interkulturelle Kompetenzentwicklung mit einer Leidenschaft f\u00fcr die Entwicklung interaktiver und praktischer Lerninterventionen. Bei der Entwicklung von Interventionen mit und f\u00fcr unsere Kunden greifen wir auf ein weltweites Netzwerk interkultureller Experten zur\u00fcck.<\/p>\n<p>Wir haben ein f\u00fchrendes interkulturelles Assessment-Tool, den Intercultural Readiness Check (IRC), entwickelt, welches Zahlreiche wichtige interkulturelle Kompetenzen bewertet.<\/p>\n<p>Zahlreiche Organisationen haben das IRC genutzt, um ihre interkulturelle Kompetenzentwicklung zu f\u00f6rdern, und mehr als 600 Personen und Organisationen sind f\u00fcr die Arbeit mit dem IRC zertifiziert. In Intercultural Readiness: Four competences for working across cultures (Palgrave) stellen wir unseren Ansatz zur interkulturellen Kompetenzentwicklung vor und ordnen die IRC-Kompetenzen in den umfangreichen Kontext von Diversit\u00e4t in Teams und Organisationen ein.<\/p>\n<p>Website: <a href=\"http:\/\/www.ibinet.nl\" target=\"_blank\" rel=\"noopener\">www.ibinet.nl<\/a><\/p>\n<hr class=\"centered-divider\" \/>\n<p><img loading=\"lazy\" decoding=\"async\" src=\"https:\/\/connect.ecilp.eu\/wp-content\/uploads\/2021\/01\/cwep.png\" sizes=\"(max-width: 300px) 100vw, 300px\" srcset=\"https:\/\/connect.ecilp.eu\/wp-content\/uploads\/2021\/01\/cwep.png 300w, https:\/\/connect.ecilp.eu\/wp-content\/uploads\/2021\/01\/cwep-150x150.png 150w\" alt=\"\" width=\"300\" height=\"300\" \/><\/p>\n<h2>Centrum Wspierania Edukacji i Przedsi\u0119biorczo\u015bci (CWEP) \u2013 Polen<br \/>\n<\/h2>\n<p>Centrum Wspierania Edukacji i Przedsi\u0119biorczo\u015bci ist seit 2004 t\u00e4tig und f\u00fchrt Handlungen aus, die mit der Unterst\u00fctzung und F\u00f6rderung der modernen Bildung und des Unternehmertums, der wissenschaftlichen Forschung und Beratung, der Durchf\u00fchrung von Schulungen, Verlagswesen, Marketing, Beratung und Werbung verbunden sind. Der Verband bietet Dienstleistungen zur Unterst\u00fctzung der Bildung durch die Umsetzung von transnationalen Bildungsprojekten, die an junge Menschen gerichtet sind, und die Organisation von Schulungen. Er betreibt auch eine Beratungsunterst\u00fctzung f\u00fcr Unternehmen, die in der Region Unterkarpaten und Kleinpolen t\u00e4tig sind, und f\u00fchrt Investitionsprojekte durch, die auf die Verbesserung der Qualit\u00e4t von Dienstleistungen zur Unterst\u00fctzung von Unternehmen abzielen. Der Verein ist auf dem wissenschaftlichen Gebiet aktiv, was sich im Engagement f\u00fcr Forschungsprojekte und in der Durchf\u00fchrung eigener Analysen der Gesellschaft ausdr\u00fcckt.<\/p>\n<p>Website: <a href=\"https:\/\/www.cwep.eu\" target=\"_blank\" rel=\"noopener\">www.cwep.eu<\/a><\/p>\n<hr class=\"centered-divider\" \/>\n<p><img loading=\"lazy\" decoding=\"async\" src=\"https:\/\/connect.ecilp.eu\/wp-content\/uploads\/2021\/01\/labc.png\" sizes=\"(max-width: 300px) 100vw, 300px\" srcset=\"https:\/\/connect.ecilp.eu\/wp-content\/uploads\/2021\/01\/labc.png 300w, https:\/\/connect.ecilp.eu\/wp-content\/uploads\/2021\/01\/labc-150x150.png 150w\" alt=\"\" width=\"300\" height=\"300\" \/><\/p>\n<h2>LABC \u2013 Italien<\/h2>\n<p>Bei LABC handelt es sich um Unternehmen mit Sitz in Turin (IT).<\/p>\n<p>LABC ist eine Lerngemeinschaft, die es sich zum Ziel gemacht hat, die Erfahrungen von Fachleuten im Bereich des individuellen und gemeinschaftlichen Wohlbefindens sowie der Gruppenarbeit, der Aus- und Weiterbildung, der Wiedereingliederung in den Arbeitsmarkt und des Projektmanagements zu teilen und darauf aufzubauen.<\/p>\n<p>LABC wird durch paneurop\u00e4ische Kooperationen bereichert, wobei stets die folgenden Prinzipien angewandt und gef\u00f6rdert werden:<\/p>\n<ul>\n<li>kollaboratives Lernen: wir teilen, verbessern und tauschen Erfahrung, Ressourcen und F\u00e4higkeiten aus, um die internationale und intermodale Zusammenarbeit zu optimieren, sowie um ferner Methoden und Praktiken zu entwickeln und zu \u00fcbertragen<\/li>\n<li>Generativit\u00e4t: Wir etablieren, unterst\u00fctzen und begleiten die F\u00e4higkeit, neue psychologische, soziale und p\u00e4dagogische Werkzeuge, Modelle und Praktiken zu schaffen, zu generieren und zu produzieren. Zielsetzung ist dabei, sie frei in der Gemeinschaft zu verbreiten.<\/li>\n<\/ul>\n<p>LABC ist aktiv und erfahren in:<\/p>\n<p># Betreuungsarbeit, individuellem und gemeinschaftlichem Wohlbefinden mit Hilfe einer breiten Palette von Aktivit\u00e4ten, einschlie\u00dflich Gruppenarbeitssitzungen, Supervisionen, Schulungen, Managementberatung, Organisation von \u00f6ffentlichen Veranstaltungen, Vortr\u00e4gen und Seminaren<\/p>\n<p># Bildung und Forschung durch die Entwicklung von Lernmethoden und die Implementierung von Schulungsmaterialien und -werkzeugen, die der Verbesserung des Bewusstseins der Teilnehmer zu Themengebieten besonders aus den psychologischen, p\u00e4dagogischen, sozialen und \u00f6kologischen Bereichen.<\/p>\n<p>Website: <a href=\"http:\/\/www.labcentro.it\" target=\"_blank\" rel=\"noopener\">www.labcentro.it\u00a0<\/a><\/p>\n<hr class=\"centered-divider\" \/>\n<p><img loading=\"lazy\" decoding=\"async\" src=\"https:\/\/connect.ecilp.eu\/wp-content\/uploads\/2021\/01\/tiu.png\" sizes=\"(max-width: 300px) 100vw, 300px\" srcset=\"https:\/\/connect.ecilp.eu\/wp-content\/uploads\/2021\/01\/tiu.png 300w, https:\/\/connect.ecilp.eu\/wp-content\/uploads\/2021\/01\/tiu-150x150.png 150w\" alt=\"\" width=\"300\" height=\"300\" \/><\/p>\n<h2>Stichting Katholieke Universiteit Brabant \u2013 Netherlands<\/h2>\n<p>Die Universit\u00e4t Tilburg wurde 1927 gegr\u00fcndet, und wird von \u00fcber 17.000 Studenten besucht, davon sind 3.105 internationale Studenten aus 110 Nationalit\u00e4ten. Zudem verf\u00fcgt sie \u00fcber 1.100 akademische Mitarbeiter (fte). Die Tilburg Universit\u00e4t rangiert auf dem 18. Platz in der US News Best Global Universities Ranking im Jahr 2016.<\/p>\n<p>In der Universit\u00e4t Tilburg besteht eine Kultur der Zusammenarbeit und Co-Kreation, die auf lokaler, regionaler, nationaler und internationaler Ebene liegt. Wir verbinden unsere eigenen Aktivit\u00e4ten mit denen anderer Bildungseinrichtungen, der Wirtschaft, Regierungen und Organisationen der Zivilgesellschaft sowie mit unseren Alumni im In- und Ausland. Wir suchen die Verbindung zwischen den verschiedenen Disziplinen, um L\u00f6sungen f\u00fcr die gro\u00dfen Fragen zu finden, denen wir als Gesellschaft gegen\u00fcberstehen.<\/p>\n<p>Dies erreichen wir vor allem durch die Entwicklung und den Transfer von Wissen und das Zusammenbringen von Menschen aus verschiedenen Disziplinen und Organisationen. Um unseren Beitrag f\u00fcr die Gesellschaft zu maximieren, haben wir ein Impact-Programm aufgestellt, das sich auf die folgenden drei Themen konzentriert: Eine resiliente Gesellschaft st\u00e4rken, Gesundheit und Wohlbefinden verbessern und den Wert aus Daten schaffen. Die Universit\u00e4t Tilburg beherbergt \u00fcber 120 von der EU finanzierte Projekte.<\/p>\n<p>Die Abteilung f\u00fcr Sozialpsychologie in der School of Social and Behavioral Sciences besteht aus einer lebendigen Mischung von Menschen, die sich f\u00fcr Sozial-, Wirtschafts- und Arbeits- und Organisationspsychologie interessieren. Die Abteilungsmitglieder konzentrieren sich auf Inter-Gruppen-Beziehungen, Ausgrenzung, Diversit\u00e4t und kultur\u00fcbergreifende Themen, was dadurch deutlich wird, dass Mitglieder der Abteilung in der IACCP (International Association for Cross-Cultural Psychology), im NIP (Niederl\u00e4ndisches Institut f\u00fcr Psychologen), in der Zusammenarbeit mit dem Hofstede Centre, in Sommerschulen, in F\u00f6rderaktivit\u00e4ten (DAAD, NWO, etc.) und in ihrer Arbeit als Redakteure und Lehrbuchautoren aktiv sind.<\/p>\n<p>Website: <a href=\"https:\/\/www.tilburguniversity.edu\/\" target=\"_blank\" rel=\"noopener\">www.tilburguniversity.edu<\/a><\/p>\n","protected":false},"excerpt":{"rendered":"<p>Coordinator: SIETAR Deutschland \u2013 Deutschland Als Teil des weltweiten Verbandes und Netzwerkes ist SIETAR Deutschland e.V. &#8211; Society for Intercultural&hellip;&nbsp;<a href=\"https:\/\/connect.ecilp.eu\/de\/organisations\/\" rel=\"bookmark\">Weiterlesen &raquo;<span class=\"screen-reader-text\">Organisations<\/span><\/a><\/p>\n","protected":false},"author":23,"featured_media":0,"parent":0,"menu_order":0,"comment_status":"closed","ping_status":"closed","template":"","meta":{"_et_pb_use_builder":"","_et_pb_old_content":"","_et_gb_content_width":"","neve_meta_sidebar":"","neve_meta_container":"","neve_meta_enable_content_width":"off","neve_meta_content_width":100,"neve_meta_title_alignment":"","neve_meta_author_avatar":"","neve_post_elements_order":"","neve_meta_disable_header":"","neve_meta_disable_footer":"","neve_meta_disable_title":"","footnotes":""},"class_list":["post-794","page","type-page","status-publish","hentry"],"yoast_head":"<!-- This site is optimized with the Yoast SEO plugin v27.3 - https:\/\/yoast.com\/product\/yoast-seo-wordpress\/ -->\n<title>Organisations - ECILP Connect Demo<\/title>\n<meta name=\"robots\" content=\"index, follow, max-snippet:-1, max-image-preview:large, max-video-preview:-1\" \/>\n<link rel=\"canonical\" href=\"https:\/\/connect.ecilp.eu\/de\/organisations\/\" \/>\n<meta property=\"og:locale\" content=\"de_DE\" \/>\n<meta property=\"og:type\" content=\"article\" \/>\n<meta property=\"og:title\" content=\"Organisations - ECILP Connect Demo\" \/>\n<meta property=\"og:description\" content=\"Coordinator: SIETAR Deutschland \u2013 Deutschland Als Teil des weltweiten Verbandes und Netzwerkes ist SIETAR Deutschland e.V. &#8211; Society for Intercultural&hellip;&nbsp;Weiterlesen &raquo;Organisations\" \/>\n<meta property=\"og:url\" content=\"https:\/\/connect.ecilp.eu\/de\/organisations\/\" \/>\n<meta property=\"og:site_name\" content=\"ECILP Connect Demo\" \/>\n<meta property=\"article:modified_time\" content=\"2025-11-22T10:07:42+00:00\" \/>\n<meta property=\"og:image\" content=\"https:\/\/connect.ecilp.eu\/wp-content\/uploads\/2021\/01\/sietar.png\" \/>\n<meta name=\"twitter:card\" content=\"summary_large_image\" \/>\n<meta name=\"twitter:label1\" content=\"Gesch\u00e4tzte Lesezeit\" \/>\n\t<meta name=\"twitter:data1\" content=\"6\u00a0Minuten\" \/>\n<script type=\"application\/ld+json\" class=\"yoast-schema-graph\">{\"@context\":\"https:\\\/\\\/schema.org\",\"@graph\":[{\"@type\":\"WebPage\",\"@id\":\"https:\\\/\\\/connect.ecilp.eu\\\/de\\\/organisations\\\/\",\"url\":\"https:\\\/\\\/connect.ecilp.eu\\\/de\\\/organisations\\\/\",\"name\":\"Organisations - ECILP Connect Demo\",\"isPartOf\":{\"@id\":\"https:\\\/\\\/connect.ecilp.eu\\\/de\\\/#website\"},\"primaryImageOfPage\":{\"@id\":\"https:\\\/\\\/connect.ecilp.eu\\\/de\\\/organisations\\\/#primaryimage\"},\"image\":{\"@id\":\"https:\\\/\\\/connect.ecilp.eu\\\/de\\\/organisations\\\/#primaryimage\"},\"thumbnailUrl\":\"https:\\\/\\\/connect.ecilp.eu\\\/wp-content\\\/uploads\\\/2021\\\/01\\\/sietar.png\",\"datePublished\":\"2025-11-20T15:32:35+00:00\",\"dateModified\":\"2025-11-22T10:07:42+00:00\",\"breadcrumb\":{\"@id\":\"https:\\\/\\\/connect.ecilp.eu\\\/de\\\/organisations\\\/#breadcrumb\"},\"inLanguage\":\"de\",\"potentialAction\":[{\"@type\":\"ReadAction\",\"target\":[[\"https:\\\/\\\/connect.ecilp.eu\\\/de\\\/organisations\\\/\"]]}]},{\"@type\":\"ImageObject\",\"inLanguage\":\"de\",\"@id\":\"https:\\\/\\\/connect.ecilp.eu\\\/de\\\/organisations\\\/#primaryimage\",\"url\":\"https:\\\/\\\/connect.ecilp.eu\\\/wp-content\\\/uploads\\\/2021\\\/01\\\/sietar.png\",\"contentUrl\":\"https:\\\/\\\/connect.ecilp.eu\\\/wp-content\\\/uploads\\\/2021\\\/01\\\/sietar.png\"},{\"@type\":\"BreadcrumbList\",\"@id\":\"https:\\\/\\\/connect.ecilp.eu\\\/de\\\/organisations\\\/#breadcrumb\",\"itemListElement\":[{\"@type\":\"ListItem\",\"position\":1,\"name\":\"Home\",\"item\":\"https:\\\/\\\/connect.ecilp.eu\\\/de\\\/\"},{\"@type\":\"ListItem\",\"position\":2,\"name\":\"Organisations\"}]},{\"@type\":\"WebSite\",\"@id\":\"https:\\\/\\\/connect.ecilp.eu\\\/de\\\/#website\",\"url\":\"https:\\\/\\\/connect.ecilp.eu\\\/de\\\/\",\"name\":\"ECILP\",\"description\":\"European Certificate for Intercultural Learning Professionals\",\"publisher\":{\"@id\":\"https:\\\/\\\/connect.ecilp.eu\\\/de\\\/#organization\"},\"potentialAction\":[{\"@type\":\"SearchAction\",\"target\":{\"@type\":\"EntryPoint\",\"urlTemplate\":\"https:\\\/\\\/connect.ecilp.eu\\\/de\\\/?s={search_term_string}\"},\"query-input\":{\"@type\":\"PropertyValueSpecification\",\"valueRequired\":true,\"valueName\":\"search_term_string\"}}],\"inLanguage\":\"de\"},{\"@type\":\"Organization\",\"@id\":\"https:\\\/\\\/connect.ecilp.eu\\\/de\\\/#organization\",\"name\":\"ECILP Project\",\"url\":\"https:\\\/\\\/connect.ecilp.eu\\\/de\\\/\",\"logo\":{\"@type\":\"ImageObject\",\"inLanguage\":\"de\",\"@id\":\"https:\\\/\\\/connect.ecilp.eu\\\/de\\\/#\\\/schema\\\/logo\\\/image\\\/\",\"url\":\"https:\\\/\\\/connect.ecilp.eu\\\/wp-content\\\/uploads\\\/2021\\\/01\\\/logo-erasmus-e1580739907735.jpg\",\"contentUrl\":\"https:\\\/\\\/connect.ecilp.eu\\\/wp-content\\\/uploads\\\/2021\\\/01\\\/logo-erasmus-e1580739907735.jpg\",\"width\":300,\"height\":86,\"caption\":\"ECILP Project\"},\"image\":{\"@id\":\"https:\\\/\\\/connect.ecilp.eu\\\/de\\\/#\\\/schema\\\/logo\\\/image\\\/\"}}]}<\/script>\n<!-- \/ Yoast SEO plugin. -->","yoast_head_json":{"title":"Organisations - ECILP Connect Demo","robots":{"index":"index","follow":"follow","max-snippet":"max-snippet:-1","max-image-preview":"max-image-preview:large","max-video-preview":"max-video-preview:-1"},"canonical":"https:\/\/connect.ecilp.eu\/de\/organisations\/","og_locale":"de_DE","og_type":"article","og_title":"Organisations - ECILP Connect Demo","og_description":"Coordinator: SIETAR Deutschland \u2013 Deutschland Als Teil des weltweiten Verbandes und Netzwerkes ist SIETAR Deutschland e.V. &#8211; Society for Intercultural&hellip;&nbsp;Weiterlesen &raquo;Organisations","og_url":"https:\/\/connect.ecilp.eu\/de\/organisations\/","og_site_name":"ECILP Connect Demo","article_modified_time":"2025-11-22T10:07:42+00:00","og_image":[{"url":"https:\/\/connect.ecilp.eu\/wp-content\/uploads\/2021\/01\/sietar.png","type":"","width":"","height":""}],"twitter_card":"summary_large_image","twitter_misc":{"Gesch\u00e4tzte Lesezeit":"6\u00a0Minuten"},"schema":{"@context":"https:\/\/schema.org","@graph":[{"@type":"WebPage","@id":"https:\/\/connect.ecilp.eu\/de\/organisations\/","url":"https:\/\/connect.ecilp.eu\/de\/organisations\/","name":"Organisations - ECILP Connect Demo","isPartOf":{"@id":"https:\/\/connect.ecilp.eu\/de\/#website"},"primaryImageOfPage":{"@id":"https:\/\/connect.ecilp.eu\/de\/organisations\/#primaryimage"},"image":{"@id":"https:\/\/connect.ecilp.eu\/de\/organisations\/#primaryimage"},"thumbnailUrl":"https:\/\/connect.ecilp.eu\/wp-content\/uploads\/2021\/01\/sietar.png","datePublished":"2025-11-20T15:32:35+00:00","dateModified":"2025-11-22T10:07:42+00:00","breadcrumb":{"@id":"https:\/\/connect.ecilp.eu\/de\/organisations\/#breadcrumb"},"inLanguage":"de","potentialAction":[{"@type":"ReadAction","target":[["https:\/\/connect.ecilp.eu\/de\/organisations\/"]]}]},{"@type":"ImageObject","inLanguage":"de","@id":"https:\/\/connect.ecilp.eu\/de\/organisations\/#primaryimage","url":"https:\/\/connect.ecilp.eu\/wp-content\/uploads\/2021\/01\/sietar.png","contentUrl":"https:\/\/connect.ecilp.eu\/wp-content\/uploads\/2021\/01\/sietar.png"},{"@type":"BreadcrumbList","@id":"https:\/\/connect.ecilp.eu\/de\/organisations\/#breadcrumb","itemListElement":[{"@type":"ListItem","position":1,"name":"Home","item":"https:\/\/connect.ecilp.eu\/de\/"},{"@type":"ListItem","position":2,"name":"Organisations"}]},{"@type":"WebSite","@id":"https:\/\/connect.ecilp.eu\/de\/#website","url":"https:\/\/connect.ecilp.eu\/de\/","name":"ECILP","description":"European Certificate for Intercultural Learning Professionals","publisher":{"@id":"https:\/\/connect.ecilp.eu\/de\/#organization"},"potentialAction":[{"@type":"SearchAction","target":{"@type":"EntryPoint","urlTemplate":"https:\/\/connect.ecilp.eu\/de\/?s={search_term_string}"},"query-input":{"@type":"PropertyValueSpecification","valueRequired":true,"valueName":"search_term_string"}}],"inLanguage":"de"},{"@type":"Organization","@id":"https:\/\/connect.ecilp.eu\/de\/#organization","name":"ECILP Project","url":"https:\/\/connect.ecilp.eu\/de\/","logo":{"@type":"ImageObject","inLanguage":"de","@id":"https:\/\/connect.ecilp.eu\/de\/#\/schema\/logo\/image\/","url":"https:\/\/connect.ecilp.eu\/wp-content\/uploads\/2021\/01\/logo-erasmus-e1580739907735.jpg","contentUrl":"https:\/\/connect.ecilp.eu\/wp-content\/uploads\/2021\/01\/logo-erasmus-e1580739907735.jpg","width":300,"height":86,"caption":"ECILP Project"},"image":{"@id":"https:\/\/connect.ecilp.eu\/de\/#\/schema\/logo\/image\/"}}]}},"_links":{"self":[{"href":"https:\/\/connect.ecilp.eu\/de\/wp-json\/wp\/v2\/pages\/794","targetHints":{"allow":["GET"]}}],"collection":[{"href":"https:\/\/connect.ecilp.eu\/de\/wp-json\/wp\/v2\/pages"}],"about":[{"href":"https:\/\/connect.ecilp.eu\/de\/wp-json\/wp\/v2\/types\/page"}],"author":[{"embeddable":true,"href":"https:\/\/connect.ecilp.eu\/de\/wp-json\/wp\/v2\/users\/23"}],"replies":[{"embeddable":true,"href":"https:\/\/connect.ecilp.eu\/de\/wp-json\/wp\/v2\/comments?post=794"}],"version-history":[{"count":3,"href":"https:\/\/connect.ecilp.eu\/de\/wp-json\/wp\/v2\/pages\/794\/revisions"}],"predecessor-version":[{"id":1177,"href":"https:\/\/connect.ecilp.eu\/de\/wp-json\/wp\/v2\/pages\/794\/revisions\/1177"}],"wp:attachment":[{"href":"https:\/\/connect.ecilp.eu\/de\/wp-json\/wp\/v2\/media?parent=794"}],"curies":[{"name":"wp","href":"https:\/\/api.w.org\/{rel}","templated":true}]}}